{"id":5478,"date":"2014-05-10T17:23:24","date_gmt":"2014-05-10T17:23:24","guid":{"rendered":"http:\/\/www.monamagick.com\/media\/?page_id=5478"},"modified":"2014-06-02T00:35:09","modified_gmt":"2014-06-02T00:35:09","slug":"die-gnostischen-kreationen-des-hagen-von-tulien","status":"publish","type":"page","link":"http:\/\/www.monamagick.com\/media\/die-gnostischen-kreationen-des-hagen-von-tulien\/","title":{"rendered":"Die Gnostischen Kreationen des Hagen von Tulien"},"content":{"rendered":"<p><strong><span style=\"color: #ff9900;\"><span style=\"color: #808080;\"><strong><strong><a title=\"Up Close Interviews\" href=\"http:\/\/www.monamagick.com\/media\/up-close-interviews\/\">&gt; Media &gt; Up Close Interviews<\/a><\/strong><\/strong><\/span><\/span><\/strong><\/p>\n<p><span style=\"color: #ff9900;\"><strong>An interview with\u00a0<strong><strong>Hagen von Tulien<\/strong><\/strong><\/strong><\/span><\/p>\n<p><a href=\"http:\/\/www.monamagick.com\/media\/hagen-von-tulien\/\"><img loading=\"lazy\" decoding=\"async\" class=\"alignnone wp-image-5529 size-full\" src=\"http:\/\/www.monamagick.com\/media\/wp-content\/uploads\/2014\/05\/flags_eng.jpg\" alt=\"flags_eng\" width=\"24\" height=\"17\" \/><\/a><a href=\"http:\/\/www.monamagick.com\/media\/hagen-von-tulien\/\" target=\"_parent\">Englisch<\/a>\u00a0 \u00a0| \u00a0\u00a0<img loading=\"lazy\" decoding=\"async\" class=\"alignnone wp-image-5531 size-full\" src=\"http:\/\/www.monamagick.com\/media\/wp-content\/uploads\/2014\/05\/flags_ger.jpg\" alt=\"flags_ger\" width=\"24\" height=\"17\" \/>Deutsch<\/p>\n<p>Menschlichkeit erschafft ihre Inhaber indem sie sich selbst teilt. Doch im Geiste gibt es eine Intelligenz, die sich bewu\u00dft ist, dass die einzige St\u00e4rke in der Vereinigung liegt. Hagen von Tulien hat sich mit diesen Kr\u00e4ften verbunden, die es ihm erlauben, Botschaften weltweit auszudr\u00fccken, die er durch die Gnosis seiner vielen Kreationen empfangen hat.<\/p>\n<figure id=\"attachment_5467\" aria-describedby=\"caption-attachment-5467\" style=\"width: 250px\" class=\"wp-caption alignleft\"><img loading=\"lazy\" decoding=\"async\" class=\"wp-image-5467 size-medium\" src=\"http:\/\/www.monamagick.com\/media\/wp-content\/uploads\/2014\/05\/Hagen-01-250x300.jpg\" alt=\"Hagen 01\" width=\"250\" height=\"300\" srcset=\"http:\/\/www.monamagick.com\/media\/wp-content\/uploads\/2014\/05\/Hagen-01-250x300.jpg 250w, http:\/\/www.monamagick.com\/media\/wp-content\/uploads\/2014\/05\/Hagen-01-45x55.jpg 45w, http:\/\/www.monamagick.com\/media\/wp-content\/uploads\/2014\/05\/Hagen-01.jpg 480w\" sizes=\"(max-width: 250px) 100vw, 250px\" \/><figcaption id=\"caption-attachment-5467\" class=\"wp-caption-text\">Hagen von Tulien<\/figcaption><\/figure>\n<p>Hagen von Tulien ist ein deutscher K\u00fcnstler und Okkultist, der mit einer Vielzahl von Medien arbeitet, einschlie\u00dflich Feder und Tinte, Scherenschnitt, Collage, sowie digitale Medien.<\/p>\n<p>Mit weit mehr als drei\u00dfig Jahren intensiver Erfahrung von magischer Theorie und Praxis hat er sich darauf spezialisiert, Kunstwerke als Ausdruck und Manifestation von magischen Bewusstseinszust\u00e4nden zu erschaffen, sowie deren Verwendung als esoterische Handwerkzeuge.<\/p>\n<p>Hagen folgte immer seiner spirituellen und okkulten Berufung. Dies f\u00fchrte zu seinem Interesse und seiner Hingabe an verschiedene esoterische und hermetische Traditionen.<\/p>\n<p>Er ist derzeit ein Meister der Fraternitas Saturni (FS) und ein erm\u00e4chtigter Adept der Soci\u00e9t\u00e9 Voudon Gnostique (SVG), intensiv darauf konzentriert, die Gnosis des Saturn und des Voudon zu erforschen.<\/p>\n<p>La Soci\u00e9t\u00e9 Voudon Gnostique ist eine selektive Gruppe von Eingeweihten und K\u00fcnstlern, die es sich zum Ziel gesetzt haben, die weitaus kraftvolleren, inneren Offenbarungen und \u00dcbertragungen der G\u00f6tter des Esoterischen Voudon zu manifestieren, sowie die Entwicklung und Erforschung von Voudon Gnosis und Zauberei frei \u00fcber alle Grenzen der Orthodoxie hinaus zu tragen.<\/p>\n<p>Als ein gnostischer Bischof der Ecclesia Gnostica Spiritualis (von Michael Bertiaux ordiniert), widmet sich Hagen von Tulien der Manifestation der h\u00f6chsten und g\u00f6ttlichen Gnosis Aeterna in sich selbst, so wie er auch Andere auf ihrem eigenen Weg zu kosmischer Freiheit und Befreiung unterst\u00fctzt.<\/p>\n<hr \/>\n<p><em><strong>Interview Auftakt mit Hagen von Tulien<\/strong><\/em><\/p>\n<p><span style=\"color: rgb(255, 153, 0);\"><strong><em>Was inspiriert Dich, Kunstwerke zu erschaffen in einer Technik, durch die Du uns allen bekannt bist? Gibt es eine Geschichte zu jedem Werk, denn ich bin mir sicher es gibt Quellen, Bewu\u00dftseinszust\u00e4nde und Erfahrungen die urs\u00e4chlich f\u00fcr Dein Schaffen sind.<\/em><\/strong><\/span><br \/>\nIch hatte schon immer eine besondere Vorliebe f\u00fcr die M\u00f6glichkeiten und Ausdrucksweisen der grafischen K\u00fcnste. Es stellt f\u00fcr mich einen ganz besonderen Reiz dar, ein Thema nur mit klaren abgegrenzten Linien und Formen zu repr\u00e4sentieren. Vorwiegend lediglich in sattem Schwarz und Wei\u00df, aber auch h\u00e4ufig mit nur einer anderen zus\u00e4tzlichen Farbe &#8211; wie zum Beispiel Rot.<\/p>\n<p>Ebenso faszinieren mich die Techniken der Collage und des Cut-Up. Scherenschnitte sind f\u00fcr mich eine sehr gute M\u00f6glichkeit, all diese von mir bevorzugten Techniken zu kombinieren.<\/p>\n<p>Nahezu alle meine k\u00fcnstlerischen Sch\u00f6pfungen reflektieren meine ganz pers\u00f6nliche Herangehensweise und Umgangsweise mit den dargestellten Inhalten. Ich \u00f6ffne in mir selbst Tore, um Visionen der darzustellenden Inhalte zu erhalten. Die fertigen Werke wiederum sind ebenfalls Tore, um so den Zugang zu dem Wissen, der Weisheit, und den Kr\u00e4ften der dargestellten Inhalte zu erm\u00f6glichen.<\/p>\n<p>Nicht nur die reine Betrachtung, sondern auch der aktive magische Umgang kann (und sollte) mit meinen Werken erfolgen.<\/p>\n<p><strong><span style=\"color: rgb(255, 153, 0);\"><em>Wenn Du von jemandem eine Auftragsarbeit erh\u00e4ltst, welches ist Deine bevorzugte Arbeitsweise: Dich hineinzuf\u00fchlen um zu sehen was am besten ihre W\u00fcnsche widergibt, oder ihre Beschreibungen umzusetzen?<\/em><\/span><br \/>\n<\/strong>Der beste Weg f\u00fcr mich ist eigentlich eine Mischung aus diesen beiden Vorgehensweisen. Der Kunde \u00e4u\u00dfert einige Ideen und Stichworte, die er im Kopf hat, aber mir bleibt dabei immer noch gen\u00fcgend Freiheit um umzusetzen, was mir zu diesem Thema einf\u00e4llt. erfreulicherweise ist dies sogar genau die Vorgehensweise, wie sie eigentlich bei fast allen Auftragsarbeiten vorkommt.<\/p>\n<p><span style=\"color: rgb(255, 153, 0);\"><strong><em> Die Gnosis des Saturn Kontinuums sowie Esoterisches Voudon scheinen die grundlegenden Zentren Deiner Arbeit zu sein, gibt es daneben noch andere Pfade auf die Du Dich wagtest und welche ebenfalls beinflussen was Du tust?<\/em><\/strong><\/span><br \/>\nAber nat\u00fcrlich, ich befasste mich schon immer mit diversen magischen und okkulten Traditionen. So habe ich die <a href=\"http:\/\/www.monamagick.com\/media\/wp-content\/uploads\/2014\/05\/display.jpg\"><img loading=\"lazy\" decoding=\"async\" class=\"alignright wp-image-5466 size-medium\" src=\"http:\/\/www.monamagick.com\/media\/wp-content\/uploads\/2014\/05\/display-300x229.jpg\" alt=\"\" width=\"300\" height=\"229\" srcset=\"http:\/\/www.monamagick.com\/media\/wp-content\/uploads\/2014\/05\/display-300x229.jpg 300w, http:\/\/www.monamagick.com\/media\/wp-content\/uploads\/2014\/05\/display-71x55.jpg 71w, http:\/\/www.monamagick.com\/media\/wp-content\/uploads\/2014\/05\/display-60x45.jpg 60w, http:\/\/www.monamagick.com\/media\/wp-content\/uploads\/2014\/05\/display.jpg 651w\" sizes=\"(max-width: 300px) 100vw, 300px\" \/><\/a>meisten westlichen Magiesysteme und Pfade studiert, sowie die wichtigsten Elemente f\u00fcr meine eigene pers\u00f6nliche Praxis herauskristallisiert.<\/p>\n<p>Das Leben und das Werk von Aleister Crowley war schon immer sehr faszinierend f\u00fcr mich, davon ausgehend habe ich mich dann nat\u00fcrlich auch mit den Systemen des Golden Dawn wie auch des OTO besch\u00e4ftigt.<\/p>\n<p>Einen weitaus gr\u00f6\u00dferen Einfluss auf mich hatte aber das Werk von Austin Osman Spare, seine Magie und seine Kunst sind f\u00fcr mich bis heute eine unersch\u00f6pfliche Quelle permanenter Inspiration.<\/p>\n<p>Ebenso habe ich mich mit den wichtigsten fern\u00f6stlichen Systemen und Wegen besch\u00e4ftigt. Einen besonderen Einfluss hierbei hatten auf mich die tantrischen Lehren und Praktiken der Nath und Kaula Magier, so wie sie in den Werken von Sri Dadaji Mahendranath vermittelt werden.<\/p>\n<p>Sehr wichtig f\u00fcr mich waren auch schon immer die Ideen und Herangehensweisen der Chaos Magie. So ergab es sich dann auch, dass ich w\u00e4hrend der Neunziger Jahre der Leiter der deutschen Sektion des Magical Pact of the Illuminates of Thanateros war.<\/p>\n<p><span style=\"color: rgb(255, 153, 0);\"><strong><em>Du hast Werke angefertigt f\u00fcr zahlreiche Praktiker, Autoren und Verleger, gibt es daneben noch andere Bereiche in die Du involviert sein m\u00f6chtest, wie z.B. die Pr\u00e4sentation Deiner Werke jenseits Deiner augenblicklichen Aktivit\u00e4ten, die den meisten bekannt sind?<\/em><\/strong><\/span><br \/>\nJa, ich w\u00fcrde gerne in Zukunft h\u00e4ufiger an Ausstellungen teilnehmen, und auch meine eigenen Ausstellungen arrangieren. Entwicklungen in diese Richtung sind im Augenblick schon vorhanden, und ich w\u00fcrde nat\u00fcrlich auch noch weitere Ausstellungs-Angebote begr\u00fc\u00dfen.<\/p>\n<p><span style=\"color: #ff9900;\"> <strong><em>Es ist bekannt das K\u00fcnstler meist ein sogenanntes &#8220;Meisterst\u00fcck&#8221; haben &#8211; welches ist das Deine? Ist dies eine noch in Ausf\u00fchrung befindliche Arbeit, oder habe ich jetzt eine unfaire Frage gestellt?<\/em><\/strong><\/span><br \/>\nAlle meine bisherigen Werke sind auf ihre eigene spezielle Weise &#8220;Meisterst\u00fccke\u201c. Ich w\u00fcrde zur Zeit keines ganz besonders hervorheben wollen. Aber vielleicht habe ich bisher nur noch nicht &#8220;Das Meisterst\u00fcck\u201c geschaffen &#8230; \ud83d\ude09<\/p>\n<p>Wir werden sehen, was die Zukunft bringen wird.<\/p>\n<hr \/>\n<p><strong>Credits and Links:<\/strong><\/p>\n<p>(Many thanks to Dawn von Nagy for the translation of my German answers into English)<\/p>\n<p><a href=\"http:\/\/www.behance.net\/Hagen_von_Tulien\">http:\/\/www.behance.net\/Hagen_von_Tulien<br \/>\n<\/a><a href=\"http:\/\/www.voudongnosis.org\/\">http:\/\/www.voudongnosis.org\/<br \/>\n<\/a><a href=\"https:\/\/www.facebook.com\/hagen.von.tulien\">https:\/\/www.facebook.com\/hagen.von.tulien<\/a><\/p>\n<p><strong>Publications:<\/strong><\/p>\n<ul>\n<li>Illustrations for &#8216;<strong>Voudon Gnosis<\/strong>&#8216; by David Beth (2nd revised and expanded edition by Fulgur Ltd. 2010).<\/li>\n<\/ul>\n<ul>\n<li>Illustrations for <strong>&#8216;Shekinah 9: Schriftenreihe f\u00fcr Schamanismus &#8211; Okkultismus &#8211; Parapsychologie &#8211; Magie&#8217;<\/strong>, (Edition Roter Drache, 2010, Rudolstadt, Germany)<\/li>\n<\/ul>\n<ul>\n<li><strong>An essay and some artwork for the anthology <\/strong>&#8216;ATUA: Voices from La Soci\u00e9t\u00e9 Voudon Gnostique&#8217; (Fulgur Ltd. 2011).<br \/>\n<a href=\"http:\/\/www.theionpublishing.com\/books\/atua-voices-of-la-societe-voudon-gnostique\/\" target=\"_blank\">http:\/\/www.theionpublishing.com\/books\/atua-voices-of-la-societe-voudon-gnostique\/<\/a><\/li>\n<\/ul>\n<ul>\n<li>Illustrations for <strong>&#8216;Shekinah 10: Schriftenreihe f\u00fcr Schamanismus &#8211; Okkultismus &#8211; Parapsychologie &#8211; Magie&#8217;,<\/strong> (Edition Roter Drache, 2011, Rudolstadt, Germany)<\/li>\n<\/ul>\n<ul>\n<li>Cover-Art for <strong>&#8216;NecroYoga &#8211; Die Physik der Finsternis&#8217;<\/strong>, by W.H. M\u00fcller (Edition Roter Drache, 2011, Rudolstadt, Germany)<\/li>\n<\/ul>\n<ul>\n<li>Contribution to the anthology <strong>&#8216;At the Crossroads&#8217; <\/strong>(Scarlet Imprint 2012)<br \/>\n<a href=\"http:\/\/scarletimprint.com\/books\/at-the-crossroads\/\" target=\"_new\">http:\/\/scarletimprint.com\/books\/at-the-crossroads\/<\/a><\/li>\n<\/ul>\n<ul>\n<li>Artwork for <strong>&#8216;QLIPHOTH Journal&#8217;<\/strong> (Aeon Sophia Press 2012)<br \/>\n<a href=\"http:\/\/www.aeonsophiapress.com\/\" target=\"_blank\">http:\/\/www.aeonsophiapress.com\/<\/a><\/li>\n<\/ul>\n<ul>\n<li>Cover-design and illustrations for<strong> &#8216;The Black Ship<\/strong>&#8216; by Malphas (Sirius Ink 2012)<br \/>\n<a href=\"http:\/\/siriusink.com\/\" target=\"_blank\">http:\/\/siriusink.com\/<\/a><\/li>\n<\/ul>\n<ul>\n<li><strong>Lucky Hoodoo Grimoire<\/strong>, by Hagen von Tulien<br \/>\n(privately published, 2012, Berlin)<br \/>\n<a href=\"http:\/\/www.behance.net\/gallery\/Lucky-Hoodoo-GRIMOIRE\/6409733\" target=\"_blank\">http:\/\/www.behance.net\/gallery\/Lucky-Hoodoo-GRIMOIRE\/6409733<\/a><\/li>\n<\/ul>\n<ul>\n<li>Contribution to &#8216;<strong>PILLARS issue no.1: &#8220;Psychopompos&#8221; <\/strong>(Anathema Publishing 2012)<br \/>\n<a href=\"http:\/\/anathemapublishing.blogspot.de\/\" target=\"_blank\">http:\/\/anathemapublishing.blogspot.de\/<\/a><\/li>\n<\/ul>\n<ul>\n<li>Contribution to <strong>&#8216;CLAVIS JOURNAL, Issue 1&#8217;<\/strong> (Clavis Editions, 2012, Seattle, USA)<br \/>\n<a href=\"http:\/\/www.clavisjournal.com\/\" target=\"_blank\">http:\/\/www.clavisjournal.com\/<\/a><\/li>\n<\/ul>\n<ul>\n<li>Illustrations for <strong>Liber Nigri Solis,<\/strong> edited by Victor Voronov (Theion Publishing, 2013, Germany)<br \/>\n<a href=\"http:\/\/www.theionpublishing.com\/books\/liber-nigri-solis\/\" target=\"_blank\">http:\/\/www.theionpublishing.com\/books\/liber-nigri-solis\/<\/a><\/li>\n<\/ul>\n<ul>\n<li><strong>Cultus Ghu\u00e9dh\u00e9 &#8211; Liber C-G,<\/strong> by Hagen von Tulien<br \/>\n(privately published, 2013, Berlin)<\/li>\n<\/ul>\n<ul>\n<li>Contribution to <strong>&#8216;PILLARS issue no.2: &#8220;The Golden Eitr&#8221; <\/strong>(Anathema Publishing 2013)<br \/>\n<a href=\"http:\/\/anathemapublishing.blogspot.de\/\" target=\"_blank\">http:\/\/anathemapublishing.blogspot.de<\/a><\/li>\n<\/ul>\n<ul>\n<li>Contribution to &#8216;<strong>CLAVIS JOURNAL, Issue 2<\/strong>&#8216; (Clavis Editions, 2013, Seattle, USA)<br \/>\n<a href=\"http:\/\/www.clavisjournal.com\/\" target=\"_blank\">http:\/\/www.clavisjournal.com\/<\/a><\/li>\n<\/ul>\n<ul>\n<li>Contribution to <strong>SABBATICA &#8211; The Seas Of Death And The Arcana Of Death Bringer<\/strong> (Nephilim Press, 2013, USA)<br \/>\n<a href=\"http:\/\/nephilimpress.com\/store\/product.php?productid=17688&amp;cat=3&amp;page=1\" target=\"_blank\">http:\/\/nephilimpress.com\/store\/product.php?productid=17688&amp;cat=3&amp;page=1<\/a><\/li>\n<\/ul>\n<ul>\n<li>Illustrations for <strong>AST MA ION &#8211; EOS TAR NIXET<\/strong>, by Edgar Kerval<br \/>\n(Editorial Ophiolatreia, 2014, Bogot\u00e1, Colombia)<\/li>\n<\/ul>\n<ul>\n<li>Artwork for &#8216;<strong>QLIPHOTH Journal&#8217; Opus IV<\/strong> (2014)<\/li>\n<\/ul>\n<ul>\n<li><strong>Occult Psaligraphy<\/strong>, by Hagen von Tulien<br \/>\n(Ouroboros Press, 2014, Seattle, USA)<br \/>\n<a href=\"http:\/\/ouroboros-press.bookarts.org\/portfolio\/occult-psaligraphy-hagen-von-tulien\/\" target=\"_blank\">http:\/\/ouroboros-press.bookarts.org\/portfolio\/occult-psaligraphy-hagen-von-tulien<\/a>\/<\/li>\n<\/ul>\n<ul>\n<li>Over the years: Diverse self-published works of art (limited editions of prints, art-sets, originals, &#8230;) and commission work.<\/li>\n<\/ul>\n","protected":false},"excerpt":{"rendered":"<p>&gt; Media &gt; Up Close Interviews An interview with\u00a0Hagen von Tulien Englisch\u00a0 \u00a0| \u00a0\u00a0Deutsch Menschlichkeit erschafft ihre Inhaber indem sie sich selbst teilt. Doch im Geiste gibt es eine Intelligenz, die sich bewu\u00dft ist, dass die einzige St\u00e4rke in der Vereinigung liegt. Hagen von Tulien hat sich mit diesen Kr\u00e4ften verbunden, die es ihm erlauben, Botschaften weltweit auszudr\u00fccken, die er [&hellip;]<\/p>\n","protected":false},"author":1,"featured_media":0,"parent":0,"menu_order":0,"comment_status":"closed","ping_status":"open","template":"template-fullwidth.php","meta":{"ngg_post_thumbnail":0,"footnotes":""},"_links":{"self":[{"href":"http:\/\/www.monamagick.com\/media\/wp-json\/wp\/v2\/pages\/5478"}],"collection":[{"href":"http:\/\/www.monamagick.com\/media\/wp-json\/wp\/v2\/pages"}],"about":[{"href":"http:\/\/www.monamagick.com\/media\/wp-json\/wp\/v2\/types\/page"}],"author":[{"embeddable":true,"href":"http:\/\/www.monamagick.com\/media\/wp-json\/wp\/v2\/users\/1"}],"replies":[{"embeddable":true,"href":"http:\/\/www.monamagick.com\/media\/wp-json\/wp\/v2\/comments?post=5478"}],"version-history":[{"count":28,"href":"http:\/\/www.monamagick.com\/media\/wp-json\/wp\/v2\/pages\/5478\/revisions"}],"predecessor-version":[{"id":5719,"href":"http:\/\/www.monamagick.com\/media\/wp-json\/wp\/v2\/pages\/5478\/revisions\/5719"}],"wp:attachment":[{"href":"http:\/\/www.monamagick.com\/media\/wp-json\/wp\/v2\/media?parent=5478"}],"curies":[{"name":"wp","href":"https:\/\/api.w.org\/{rel}","templated":true}]}}